{"id":6,"date":"2024-02-21T10:35:39","date_gmt":"2024-02-21T13:35:39","guid":{"rendered":"https:\/\/casaararaazul.com.br\/?page_id=6"},"modified":"2024-04-10T11:45:03","modified_gmt":"2024-04-10T14:45:03","slug":"sobre","status":"publish","type":"page","link":"https:\/\/casaararaazul.com.br\/en\/sobre\/","title":{"rendered":"Sobre"},"content":{"rendered":"","protected":false},"excerpt":{"rendered":"","protected":false},"author":1,"featured_media":24,"parent":0,"menu_order":0,"comment_status":"closed","ping_status":"closed","template":"tpl-sobre.php","meta":{"footnotes":""},"class_list":["post-6","page","type-page","status-publish","has-post-thumbnail","hentry"],"yoast_head":"<!-- This site is optimized with the Yoast SEO plugin v23.8 - https:\/\/yoast.com\/wordpress\/plugins\/seo\/ -->\n<title>Sobre - Casa Arara Azul<\/title>\n<meta name=\"description\" content=\"A Casa Arara Azul nasceu para lidar com os diversos desafios relacionados aos cuidados paliativos em pediatria. Reconhecendo a necessidade de mais servi\u00e7os que atuem nessa \u00e1rea no Brasil, temos o objetivo de promover cuidado integral, qualidade de vida e conforto a crian\u00e7as e adolescentes com doen\u00e7as graves e amea\u00e7adoras da vida, assim como \u00e0s suas fam\u00edlias.\" \/>\n<meta name=\"robots\" content=\"index, follow, max-snippet:-1, max-image-preview:large, max-video-preview:-1\" \/>\n<link rel=\"canonical\" href=\"https:\/\/casaararaazul.com.br\/en\/sobre\/\" \/>\n<meta property=\"og:locale\" content=\"en_US\" \/>\n<meta property=\"og:type\" content=\"article\" \/>\n<meta property=\"og:title\" content=\"Sobre - Casa Arara Azul\" \/>\n<meta property=\"og:description\" content=\"A Casa Arara Azul nasceu para lidar com os diversos desafios relacionados aos cuidados paliativos em pediatria. Reconhecendo a necessidade de mais servi\u00e7os que atuem nessa \u00e1rea no Brasil, temos o objetivo de promover cuidado integral, qualidade de vida e conforto a crian\u00e7as e adolescentes com doen\u00e7as graves e amea\u00e7adoras da vida, assim como \u00e0s suas fam\u00edlias.\" \/>\n<meta property=\"og:url\" content=\"https:\/\/casaararaazul.com.br\/en\/sobre\/\" \/>\n<meta property=\"og:site_name\" content=\"Casa Arara Azul\" \/>\n<meta property=\"article:modified_time\" content=\"2024-04-10T14:45:03+00:00\" \/>\n<meta property=\"og:image\" content=\"https:\/\/casaararaazul.com.br\/wp-content\/uploads\/2024\/04\/CAA-logo.png\" \/>\n\t<meta property=\"og:image:width\" content=\"579\" \/>\n\t<meta property=\"og:image:height\" content=\"567\" \/>\n\t<meta property=\"og:image:type\" content=\"image\/png\" \/>\n<meta name=\"twitter:card\" content=\"summary_large_image\" \/>\n<meta name=\"twitter:label1\" content=\"Est. reading time\" \/>\n\t<meta name=\"twitter:data1\" content=\"1 minute\" \/>\n<script type=\"application\/ld+json\" class=\"yoast-schema-graph\">{\"@context\":\"https:\/\/schema.org\",\"@graph\":[{\"@type\":\"WebPage\",\"@id\":\"https:\/\/casaararaazul.com.br\/sobre\/\",\"url\":\"https:\/\/casaararaazul.com.br\/sobre\/\",\"name\":\"Sobre - Casa Arara Azul\",\"isPartOf\":{\"@id\":\"https:\/\/casaararaazul.com.br\/#website\"},\"primaryImageOfPage\":{\"@id\":\"https:\/\/casaararaazul.com.br\/sobre\/#primaryimage\"},\"image\":{\"@id\":\"https:\/\/casaararaazul.com.br\/sobre\/#primaryimage\"},\"thumbnailUrl\":\"https:\/\/casaararaazul.com.br\/wp-content\/uploads\/2024\/04\/CAA-logo.png\",\"datePublished\":\"2024-02-21T13:35:39+00:00\",\"dateModified\":\"2024-04-10T14:45:03+00:00\",\"description\":\"A Casa Arara Azul nasceu para lidar com os diversos desafios relacionados aos cuidados paliativos em pediatria. Reconhecendo a necessidade de mais servi\u00e7os que atuem nessa \u00e1rea no Brasil, temos o objetivo de promover cuidado integral, qualidade de vida e conforto a crian\u00e7as e adolescentes com doen\u00e7as graves e amea\u00e7adoras da vida, assim como \u00e0s suas fam\u00edlias.\",\"breadcrumb\":{\"@id\":\"https:\/\/casaararaazul.com.br\/sobre\/#breadcrumb\"},\"inLanguage\":\"en-US\",\"potentialAction\":[{\"@type\":\"ReadAction\",\"target\":[\"https:\/\/casaararaazul.com.br\/sobre\/\"]}]},{\"@type\":\"ImageObject\",\"inLanguage\":\"en-US\",\"@id\":\"https:\/\/casaararaazul.com.br\/sobre\/#primaryimage\",\"url\":\"https:\/\/casaararaazul.com.br\/wp-content\/uploads\/2024\/04\/CAA-logo.png\",\"contentUrl\":\"https:\/\/casaararaazul.com.br\/wp-content\/uploads\/2024\/04\/CAA-logo.png\",\"width\":579,\"height\":567},{\"@type\":\"BreadcrumbList\",\"@id\":\"https:\/\/casaararaazul.com.br\/sobre\/#breadcrumb\",\"itemListElement\":[{\"@type\":\"ListItem\",\"position\":1,\"name\":\"In\u00edcio\",\"item\":\"https:\/\/casaararaazul.com.br\/\"},{\"@type\":\"ListItem\",\"position\":2,\"name\":\"Sobre\"}]},{\"@type\":\"WebSite\",\"@id\":\"https:\/\/casaararaazul.com.br\/#website\",\"url\":\"https:\/\/casaararaazul.com.br\/\",\"name\":\"Casa Arara Azul\",\"description\":\"Casa Arara Azul - Cuidados Paliativos Pedi\u00e1tricos\",\"publisher\":{\"@id\":\"https:\/\/casaararaazul.com.br\/#organization\"},\"potentialAction\":[{\"@type\":\"SearchAction\",\"target\":{\"@type\":\"EntryPoint\",\"urlTemplate\":\"https:\/\/casaararaazul.com.br\/?s={search_term_string}\"},\"query-input\":{\"@type\":\"PropertyValueSpecification\",\"valueRequired\":true,\"valueName\":\"search_term_string\"}}],\"inLanguage\":\"en-US\"},{\"@type\":\"Organization\",\"@id\":\"https:\/\/casaararaazul.com.br\/#organization\",\"name\":\"Casa Arara Azul\",\"url\":\"https:\/\/casaararaazul.com.br\/\",\"logo\":{\"@type\":\"ImageObject\",\"inLanguage\":\"en-US\",\"@id\":\"https:\/\/casaararaazul.com.br\/#\/schema\/logo\/image\/\",\"url\":\"https:\/\/casaararaazul.com.br\/wp-content\/uploads\/2024\/03\/Logo-Casa-Arara-Azul-azul-e1712759681601.png\",\"contentUrl\":\"https:\/\/casaararaazul.com.br\/wp-content\/uploads\/2024\/03\/Logo-Casa-Arara-Azul-azul-e1712759681601.png\",\"width\":146,\"height\":108,\"caption\":\"Casa Arara Azul\"},\"image\":{\"@id\":\"https:\/\/casaararaazul.com.br\/#\/schema\/logo\/image\/\"}}]}<\/script>\n<!-- \/ Yoast SEO plugin. -->","yoast_head_json":{"title":"Sobre - Casa Arara Azul","description":"A Casa Arara Azul nasceu para lidar com os diversos desafios relacionados aos cuidados paliativos em pediatria. Reconhecendo a necessidade de mais servi\u00e7os que atuem nessa \u00e1rea no Brasil, temos o objetivo de promover cuidado integral, qualidade de vida e conforto a crian\u00e7as e adolescentes com doen\u00e7as graves e amea\u00e7adoras da vida, assim como \u00e0s suas fam\u00edlias.","robots":{"index":"index","follow":"follow","max-snippet":"max-snippet:-1","max-image-preview":"max-image-preview:large","max-video-preview":"max-video-preview:-1"},"canonical":"https:\/\/casaararaazul.com.br\/en\/sobre\/","og_locale":"en_US","og_type":"article","og_title":"Sobre - Casa Arara Azul","og_description":"A Casa Arara Azul nasceu para lidar com os diversos desafios relacionados aos cuidados paliativos em pediatria. Reconhecendo a necessidade de mais servi\u00e7os que atuem nessa \u00e1rea no Brasil, temos o objetivo de promover cuidado integral, qualidade de vida e conforto a crian\u00e7as e adolescentes com doen\u00e7as graves e amea\u00e7adoras da vida, assim como \u00e0s suas fam\u00edlias.","og_url":"https:\/\/casaararaazul.com.br\/en\/sobre\/","og_site_name":"Casa Arara Azul","article_modified_time":"2024-04-10T14:45:03+00:00","og_image":[{"width":579,"height":567,"url":"https:\/\/casaararaazul.com.br\/wp-content\/uploads\/2024\/04\/CAA-logo.png","type":"image\/png"}],"twitter_card":"summary_large_image","twitter_misc":{"Est. reading time":"1 minute"},"schema":{"@context":"https:\/\/schema.org","@graph":[{"@type":"WebPage","@id":"https:\/\/casaararaazul.com.br\/sobre\/","url":"https:\/\/casaararaazul.com.br\/sobre\/","name":"Sobre - Casa Arara Azul","isPartOf":{"@id":"https:\/\/casaararaazul.com.br\/#website"},"primaryImageOfPage":{"@id":"https:\/\/casaararaazul.com.br\/sobre\/#primaryimage"},"image":{"@id":"https:\/\/casaararaazul.com.br\/sobre\/#primaryimage"},"thumbnailUrl":"https:\/\/casaararaazul.com.br\/wp-content\/uploads\/2024\/04\/CAA-logo.png","datePublished":"2024-02-21T13:35:39+00:00","dateModified":"2024-04-10T14:45:03+00:00","description":"A Casa Arara Azul nasceu para lidar com os diversos desafios relacionados aos cuidados paliativos em pediatria. Reconhecendo a necessidade de mais servi\u00e7os que atuem nessa \u00e1rea no Brasil, temos o objetivo de promover cuidado integral, qualidade de vida e conforto a crian\u00e7as e adolescentes com doen\u00e7as graves e amea\u00e7adoras da vida, assim como \u00e0s suas fam\u00edlias.","breadcrumb":{"@id":"https:\/\/casaararaazul.com.br\/sobre\/#breadcrumb"},"inLanguage":"en-US","potentialAction":[{"@type":"ReadAction","target":["https:\/\/casaararaazul.com.br\/sobre\/"]}]},{"@type":"ImageObject","inLanguage":"en-US","@id":"https:\/\/casaararaazul.com.br\/sobre\/#primaryimage","url":"https:\/\/casaararaazul.com.br\/wp-content\/uploads\/2024\/04\/CAA-logo.png","contentUrl":"https:\/\/casaararaazul.com.br\/wp-content\/uploads\/2024\/04\/CAA-logo.png","width":579,"height":567},{"@type":"BreadcrumbList","@id":"https:\/\/casaararaazul.com.br\/sobre\/#breadcrumb","itemListElement":[{"@type":"ListItem","position":1,"name":"In\u00edcio","item":"https:\/\/casaararaazul.com.br\/"},{"@type":"ListItem","position":2,"name":"Sobre"}]},{"@type":"WebSite","@id":"https:\/\/casaararaazul.com.br\/#website","url":"https:\/\/casaararaazul.com.br\/","name":"Casa Arara Azul","description":"Casa Arara Azul - Cuidados Paliativos Pedi\u00e1tricos","publisher":{"@id":"https:\/\/casaararaazul.com.br\/#organization"},"potentialAction":[{"@type":"SearchAction","target":{"@type":"EntryPoint","urlTemplate":"https:\/\/casaararaazul.com.br\/?s={search_term_string}"},"query-input":{"@type":"PropertyValueSpecification","valueRequired":true,"valueName":"search_term_string"}}],"inLanguage":"en-US"},{"@type":"Organization","@id":"https:\/\/casaararaazul.com.br\/#organization","name":"Casa Arara Azul","url":"https:\/\/casaararaazul.com.br\/","logo":{"@type":"ImageObject","inLanguage":"en-US","@id":"https:\/\/casaararaazul.com.br\/#\/schema\/logo\/image\/","url":"https:\/\/casaararaazul.com.br\/wp-content\/uploads\/2024\/03\/Logo-Casa-Arara-Azul-azul-e1712759681601.png","contentUrl":"https:\/\/casaararaazul.com.br\/wp-content\/uploads\/2024\/03\/Logo-Casa-Arara-Azul-azul-e1712759681601.png","width":146,"height":108,"caption":"Casa Arara Azul"},"image":{"@id":"https:\/\/casaararaazul.com.br\/#\/schema\/logo\/image\/"}}]}},"_links":{"self":[{"href":"https:\/\/casaararaazul.com.br\/en\/wp-json\/wp\/v2\/pages\/6","targetHints":{"allow":["GET"]}}],"collection":[{"href":"https:\/\/casaararaazul.com.br\/en\/wp-json\/wp\/v2\/pages"}],"about":[{"href":"https:\/\/casaararaazul.com.br\/en\/wp-json\/wp\/v2\/types\/page"}],"author":[{"embeddable":true,"href":"https:\/\/casaararaazul.com.br\/en\/wp-json\/wp\/v2\/users\/1"}],"replies":[{"embeddable":true,"href":"https:\/\/casaararaazul.com.br\/en\/wp-json\/wp\/v2\/comments?post=6"}],"version-history":[{"count":1,"href":"https:\/\/casaararaazul.com.br\/en\/wp-json\/wp\/v2\/pages\/6\/revisions"}],"predecessor-version":[{"id":7,"href":"https:\/\/casaararaazul.com.br\/en\/wp-json\/wp\/v2\/pages\/6\/revisions\/7"}],"wp:featuredmedia":[{"embeddable":true,"href":"https:\/\/casaararaazul.com.br\/en\/wp-json\/wp\/v2\/media\/24"}],"wp:attachment":[{"href":"https:\/\/casaararaazul.com.br\/en\/wp-json\/wp\/v2\/media?parent=6"}],"curies":[{"name":"wp","href":"https:\/\/api.w.org\/{rel}","templated":true}]}}